{"id":55,"date":"2024-09-04T14:34:11","date_gmt":"2024-09-04T13:34:11","guid":{"rendered":"https:\/\/st-aignan-st-pierre.fr\/?page_id=55"},"modified":"2025-03-04T17:52:23","modified_gmt":"2025-03-04T16:52:23","slug":"lequipe-pedagogique","status":"publish","type":"page","link":"https:\/\/st-aignan-st-pierre.fr\/?page_id=55","title":{"rendered":"L&#8217;\u00e9quipe p\u00e9dagogique vous accueille"},"content":{"rendered":"<p>L&#8217;\u00e9quipe \u00e9ducative vous souhaite une belle ann\u00e9e scolaire !<\/p>\n<p>&nbsp;<\/p>\n<p><a href=\"https:\/\/st-aignan-st-pierre.fr\/wp-content\/uploads\/2025\/03\/20240830_PRE_RENTREE_SAINT_PIERRE_2-2.jpg\"><img loading=\"lazy\" decoding=\"async\" class=\"alignnone size-medium wp-image-7899\" src=\"https:\/\/st-aignan-st-pierre.fr\/wp-content\/uploads\/2025\/03\/20240830_PRE_RENTREE_SAINT_PIERRE_2-2-300x200.jpg\" alt=\"\" width=\"300\" height=\"200\" srcset=\"https:\/\/st-aignan-st-pierre.fr\/wp-content\/uploads\/2025\/03\/20240830_PRE_RENTREE_SAINT_PIERRE_2-2-300x200.jpg 300w, https:\/\/st-aignan-st-pierre.fr\/wp-content\/uploads\/2025\/03\/20240830_PRE_RENTREE_SAINT_PIERRE_2-2-1024x683.jpg 1024w, https:\/\/st-aignan-st-pierre.fr\/wp-content\/uploads\/2025\/03\/20240830_PRE_RENTREE_SAINT_PIERRE_2-2-768x512.jpg 768w, https:\/\/st-aignan-st-pierre.fr\/wp-content\/uploads\/2025\/03\/20240830_PRE_RENTREE_SAINT_PIERRE_2-2-1536x1024.jpg 1536w, https:\/\/st-aignan-st-pierre.fr\/wp-content\/uploads\/2025\/03\/20240830_PRE_RENTREE_SAINT_PIERRE_2-2-2048x1366.jpg 2048w, https:\/\/st-aignan-st-pierre.fr\/wp-content\/uploads\/2025\/03\/20240830_PRE_RENTREE_SAINT_PIERRE_2-2-1620x1080.jpg 1620w, https:\/\/st-aignan-st-pierre.fr\/wp-content\/uploads\/2025\/03\/20240830_PRE_RENTREE_SAINT_PIERRE_2-2-272x182.jpg 272w\" sizes=\"(max-width: 300px) 100vw, 300px\" \/><\/a><\/p>\n<p>&nbsp;<\/p>\n","protected":false},"excerpt":{"rendered":"<p>L&#8217;\u00e9quipe \u00e9ducative vous souhaite une belle ann\u00e9e scolaire ! &nbsp; &nbsp;<\/p>\n","protected":false},"author":2,"featured_media":0,"parent":0,"menu_order":0,"comment_status":"closed","ping_status":"closed","template":"","meta":{"_monsterinsights_skip_tracking":false,"_monsterinsights_sitenote_active":false,"_monsterinsights_sitenote_note":"","_monsterinsights_sitenote_category":0,"ngg_post_thumbnail":0,"footnotes":""},"class_list":["post-55","page","type-page","status-publish","hentry"],"_links":{"self":[{"href":"https:\/\/st-aignan-st-pierre.fr\/index.php?rest_route=\/wp\/v2\/pages\/55"}],"collection":[{"href":"https:\/\/st-aignan-st-pierre.fr\/index.php?rest_route=\/wp\/v2\/pages"}],"about":[{"href":"https:\/\/st-aignan-st-pierre.fr\/index.php?rest_route=\/wp\/v2\/types\/page"}],"author":[{"embeddable":true,"href":"https:\/\/st-aignan-st-pierre.fr\/index.php?rest_route=\/wp\/v2\/users\/2"}],"replies":[{"embeddable":true,"href":"https:\/\/st-aignan-st-pierre.fr\/index.php?rest_route=%2Fwp%2Fv2%2Fcomments&post=55"}],"version-history":[{"count":9,"href":"https:\/\/st-aignan-st-pierre.fr\/index.php?rest_route=\/wp\/v2\/pages\/55\/revisions"}],"predecessor-version":[{"id":7907,"href":"https:\/\/st-aignan-st-pierre.fr\/index.php?rest_route=\/wp\/v2\/pages\/55\/revisions\/7907"}],"wp:attachment":[{"href":"https:\/\/st-aignan-st-pierre.fr\/index.php?rest_route=%2Fwp%2Fv2%2Fmedia&parent=55"}],"curies":[{"name":"wp","href":"https:\/\/api.w.org\/{rel}","templated":true}]}}