{"id":5966,"date":"2021-09-27T15:36:28","date_gmt":"2021-09-27T14:36:28","guid":{"rendered":"https:\/\/st-aignan-st-pierre.fr\/?page_id=5966"},"modified":"2021-09-27T16:05:01","modified_gmt":"2021-09-27T15:05:01","slug":"apel","status":"publish","type":"page","link":"https:\/\/st-aignan-st-pierre.fr\/?page_id=5966","title":{"rendered":"APEL"},"content":{"rendered":"<p>L&#8217;<strong><span style=\"color: #ff6600;\">A<\/span><\/strong>ssociation des <strong><span style=\"color: #ff6600;\">P<\/span><\/strong>arents de l&#8217;<strong><span style=\"color: #ff6600;\">E<\/span><\/strong>cole <strong><span style=\"color: #ff6600;\">L<\/span><\/strong>ibre est une association constitu\u00e9e de parents d&#8217;\u00e9l\u00e8ves b\u00e9n\u00e9voles.<\/p>\n<p>Elle a pour mission de repr\u00e9senter les parents d&#8217;\u00e9l\u00e8ves et d&#8217;organiser des \u00e9v\u00e8nements qui rythment l&#8217;ann\u00e9e (le march\u00e9 de No\u00ebl, les ventes : brioches, madeleines Bijou, les sapins&#8230;La kermesse)<\/p>\n<p>Ces diverses manifestations ainsi que les cotisations annuelles permettent \u00e0 l&#8217;APEL de financer diff\u00e9rents projets de l&#8217;\u00e9cole comme l&#8217;achat de la structure de jeu, de mat\u00e9riel scolaire, \u2026 Et elle prend une part importante au financement des voyages scolaires.<\/p>\n","protected":false},"excerpt":{"rendered":"<p>L&#8217;Association des Parents de l&#8217;Ecole Libre est une association constitu\u00e9e de parents d&#8217;\u00e9l\u00e8ves b\u00e9n\u00e9voles. Elle a pour mission de repr\u00e9senter les parents d&#8217;\u00e9l\u00e8ves et d&#8217;organiser des \u00e9v\u00e8nements qui rythment l&#8217;ann\u00e9e (le march\u00e9 de No\u00ebl, les ventes : brioches, madeleines Bijou, les sapins&#8230;La kermesse) Ces diverses manifestations ainsi que les cotisations annuelles permettent \u00e0 l&#8217;APEL de&hellip; <br \/> <a class=\"read-more\" href=\"https:\/\/st-aignan-st-pierre.fr\/?page_id=5966\">Lire la suite<\/a><\/p>\n","protected":false},"author":2,"featured_media":0,"parent":0,"menu_order":0,"comment_status":"closed","ping_status":"closed","template":"","meta":{"_monsterinsights_skip_tracking":false,"_monsterinsights_sitenote_active":false,"_monsterinsights_sitenote_note":"","_monsterinsights_sitenote_category":0,"ngg_post_thumbnail":0,"footnotes":""},"class_list":["post-5966","page","type-page","status-publish","hentry"],"_links":{"self":[{"href":"https:\/\/st-aignan-st-pierre.fr\/index.php?rest_route=\/wp\/v2\/pages\/5966"}],"collection":[{"href":"https:\/\/st-aignan-st-pierre.fr\/index.php?rest_route=\/wp\/v2\/pages"}],"about":[{"href":"https:\/\/st-aignan-st-pierre.fr\/index.php?rest_route=\/wp\/v2\/types\/page"}],"author":[{"embeddable":true,"href":"https:\/\/st-aignan-st-pierre.fr\/index.php?rest_route=\/wp\/v2\/users\/2"}],"replies":[{"embeddable":true,"href":"https:\/\/st-aignan-st-pierre.fr\/index.php?rest_route=%2Fwp%2Fv2%2Fcomments&post=5966"}],"version-history":[{"count":3,"href":"https:\/\/st-aignan-st-pierre.fr\/index.php?rest_route=\/wp\/v2\/pages\/5966\/revisions"}],"predecessor-version":[{"id":5975,"href":"https:\/\/st-aignan-st-pierre.fr\/index.php?rest_route=\/wp\/v2\/pages\/5966\/revisions\/5975"}],"wp:attachment":[{"href":"https:\/\/st-aignan-st-pierre.fr\/index.php?rest_route=%2Fwp%2Fv2%2Fmedia&parent=5966"}],"curies":[{"name":"wp","href":"https:\/\/api.w.org\/{rel}","templated":true}]}}