{"id":5969,"date":"2021-09-27T15:37:16","date_gmt":"2021-09-27T14:37:16","guid":{"rendered":"https:\/\/st-aignan-st-pierre.fr\/?page_id=5969"},"modified":"2021-11-15T11:57:46","modified_gmt":"2021-11-15T10:57:46","slug":"ogec","status":"publish","type":"page","link":"https:\/\/st-aignan-st-pierre.fr\/?page_id=5969","title":{"rendered":"OGEC"},"content":{"rendered":"<p>L&#8217;<span style=\"color: #0000ff;\"><strong>O<\/strong><\/span>rganisme de <span style=\"color: #0000ff;\"><strong>G<\/strong><\/span>estion de l&#8217;<span style=\"color: #0000ff;\"><strong>E<\/strong><\/span>nseignement <span style=\"color: #0000ff;\"><strong>C<\/strong><\/span>atholique de l&#8217;\u00e9cole St Pierre est une association qui \u0153uvre dans l&#8217;int\u00e9r\u00eat de l&#8217;\u00e9cole, des enfants, des salari\u00e9s et de l&#8217;\u00e9quipe enseignante. En collaboration avec le chef d&#8217;\u00e9tablissement, l&#8217;OGEC est responsable de la gestion financi\u00e8re et assure la fonction d&#8217;employeur l\u00e9gal des personnels d&#8217;administration et de service.<\/p>\n<p>L&#8217;OGEC est \u00e9galement responsable du patrimoine immobilier et mobilier puis de l&#8217;\u00e9quipement mat\u00e9riel de l&#8217;\u00e9cole. Il veille \u00e0 l&#8217;entretien, \u00e0 l&#8217;adaptation, \u00e0 la s\u00e9curit\u00e9 et \u00e0 la conformit\u00e9 des locaux.<\/p>\n<p>Les parents b\u00e9n\u00e9voles se r\u00e9unissent environ une fois par mois pour d\u00e9cider et organiser les travaux n\u00e9cessaires dans l&#8217;\u00e9cole.<\/p>\n<p>Si vous \u00eates int\u00e9ress\u00e9s, vous pouvez contacter l&#8217;OGEC au : <em><span style=\"color: #0000ff;\">ogec.ecolesaintpierre@gmail.com<\/span><\/em><\/p>\n","protected":false},"excerpt":{"rendered":"<p>L&#8217;Organisme de Gestion de l&#8217;Enseignement Catholique de l&#8217;\u00e9cole St Pierre est une association qui \u0153uvre dans l&#8217;int\u00e9r\u00eat de l&#8217;\u00e9cole, des enfants, des salari\u00e9s et de l&#8217;\u00e9quipe enseignante. En collaboration avec le chef d&#8217;\u00e9tablissement, l&#8217;OGEC est responsable de la gestion financi\u00e8re et assure la fonction d&#8217;employeur l\u00e9gal des personnels d&#8217;administration et de service. L&#8217;OGEC est \u00e9galement&hellip; <br \/> <a class=\"read-more\" href=\"https:\/\/st-aignan-st-pierre.fr\/?page_id=5969\">Lire la suite<\/a><\/p>\n","protected":false},"author":2,"featured_media":0,"parent":0,"menu_order":0,"comment_status":"closed","ping_status":"closed","template":"","meta":{"_monsterinsights_skip_tracking":false,"_monsterinsights_sitenote_active":false,"_monsterinsights_sitenote_note":"","_monsterinsights_sitenote_category":0,"ngg_post_thumbnail":0,"footnotes":""},"class_list":["post-5969","page","type-page","status-publish","hentry"],"_links":{"self":[{"href":"https:\/\/st-aignan-st-pierre.fr\/index.php?rest_route=\/wp\/v2\/pages\/5969"}],"collection":[{"href":"https:\/\/st-aignan-st-pierre.fr\/index.php?rest_route=\/wp\/v2\/pages"}],"about":[{"href":"https:\/\/st-aignan-st-pierre.fr\/index.php?rest_route=\/wp\/v2\/types\/page"}],"author":[{"embeddable":true,"href":"https:\/\/st-aignan-st-pierre.fr\/index.php?rest_route=\/wp\/v2\/users\/2"}],"replies":[{"embeddable":true,"href":"https:\/\/st-aignan-st-pierre.fr\/index.php?rest_route=%2Fwp%2Fv2%2Fcomments&post=5969"}],"version-history":[{"count":4,"href":"https:\/\/st-aignan-st-pierre.fr\/index.php?rest_route=\/wp\/v2\/pages\/5969\/revisions"}],"predecessor-version":[{"id":6111,"href":"https:\/\/st-aignan-st-pierre.fr\/index.php?rest_route=\/wp\/v2\/pages\/5969\/revisions\/6111"}],"wp:attachment":[{"href":"https:\/\/st-aignan-st-pierre.fr\/index.php?rest_route=%2Fwp%2Fv2%2Fmedia&parent=5969"}],"curies":[{"name":"wp","href":"https:\/\/api.w.org\/{rel}","templated":true}]}}