{"id":6,"date":"2015-12-04T10:49:50","date_gmt":"2015-12-04T09:49:50","guid":{"rendered":"https:\/\/st-aignan-st-pierre.fr\/?page_id=6"},"modified":"2019-06-11T13:59:56","modified_gmt":"2019-06-11T12:59:56","slug":"ou-sommes-nous","status":"publish","type":"page","link":"https:\/\/st-aignan-st-pierre.fr\/?page_id=6","title":{"rendered":"O\u00f9 sommes-nous ?"},"content":{"rendered":"<p>26 rue des Fr\u00e8res Rousseau<br \/>\nSt Aignan de Grand-Lieu<br \/>\n<iframe loading=\"lazy\" width=\"600\" height=\"450\" src=\"https:\/\/www.google.com\/maps\/embed?pb=!1m18!1m12!1m3!1d2714.703825851838!2d-1.6330093842288325!3d47.12447552915071!2m3!1f0!2f0!3f0!3m2!1i1024!2i768!4f13.1!3m3!1m2!1s0x4805c0028081c281%3A0xd8f5286b8f9e2575!2s26+Rue+des+Fr%C3%A8res+Rousseau%2C+44860+Saint-Aignan-Grandlieu!5e0!3m2!1sfr!2sfr!4v1449222521878\" frameborder=\"0\" allowfullscreen=\"allowfullscreen\" style=\"border: 0;\"><\/iframe><\/p>\n<p>Coordonn\u00e9es de l&#8217;\u00e9cole St Pierre :<\/p>\n<p>T\u00e9l\u00e9phone : <strong>09.63.67.37.56<\/strong><\/p>\n<p>Mail : <em><span style=\"color: #000080;\"><strong>ec.st-aignan.st-pierre@ec44.fr<\/strong><\/span><\/em><\/p>\n","protected":false},"excerpt":{"rendered":"<p>26 rue des Fr\u00e8res Rousseau St Aignan de Grand-Lieu Coordonn\u00e9es de l&#8217;\u00e9cole St Pierre : T\u00e9l\u00e9phone : 09.63.67.37.56 Mail : ec.st-aignan.st-pierre@ec44.fr<\/p>\n","protected":false},"author":1,"featured_media":0,"parent":0,"menu_order":0,"comment_status":"closed","ping_status":"closed","template":"","meta":{"_monsterinsights_skip_tracking":false,"_monsterinsights_sitenote_active":false,"_monsterinsights_sitenote_note":"","_monsterinsights_sitenote_category":0,"ngg_post_thumbnail":0,"footnotes":""},"class_list":["post-6","page","type-page","status-publish","hentry"],"_links":{"self":[{"href":"https:\/\/st-aignan-st-pierre.fr\/index.php?rest_route=\/wp\/v2\/pages\/6"}],"collection":[{"href":"https:\/\/st-aignan-st-pierre.fr\/index.php?rest_route=\/wp\/v2\/pages"}],"about":[{"href":"https:\/\/st-aignan-st-pierre.fr\/index.php?rest_route=\/wp\/v2\/types\/page"}],"author":[{"embeddable":true,"href":"https:\/\/st-aignan-st-pierre.fr\/index.php?rest_route=\/wp\/v2\/users\/1"}],"replies":[{"embeddable":true,"href":"https:\/\/st-aignan-st-pierre.fr\/index.php?rest_route=%2Fwp%2Fv2%2Fcomments&post=6"}],"version-history":[{"count":1,"href":"https:\/\/st-aignan-st-pierre.fr\/index.php?rest_route=\/wp\/v2\/pages\/6\/revisions"}],"predecessor-version":[{"id":4196,"href":"https:\/\/st-aignan-st-pierre.fr\/index.php?rest_route=\/wp\/v2\/pages\/6\/revisions\/4196"}],"wp:attachment":[{"href":"https:\/\/st-aignan-st-pierre.fr\/index.php?rest_route=%2Fwp%2Fv2%2Fmedia&parent=6"}],"curies":[{"name":"wp","href":"https:\/\/api.w.org\/{rel}","templated":true}]}}