{"id":61,"date":"2015-12-04T14:43:49","date_gmt":"2015-12-04T13:43:49","guid":{"rendered":"https:\/\/st-aignan-st-pierre.fr\/?page_id=61"},"modified":"2024-09-04T09:33:27","modified_gmt":"2024-09-04T08:33:27","slug":"les-horaires","status":"publish","type":"page","link":"https:\/\/st-aignan-st-pierre.fr\/?page_id=61","title":{"rendered":"Les horaires"},"content":{"rendered":"<p>Heures: 8h45\/12h00 et 13h30\/16h30 (\u00e0 partir de 8h35 : accueil dans les classes pour les maternelles)<\/p>\n<p>Etude surveill\u00e9e de 16h45 \u00e0 18H30 (sauf vendredi : 18h00)<\/p>\n<p>Etude du CP au CM2 : 16h45 \u00e0 18h30<\/p>\n<p>Restaurant et accueil p\u00e9ri-scolaire municipaux<\/p>\n<p>Transport scolaire : Nantes M\u00e9tropole<\/p>\n","protected":false},"excerpt":{"rendered":"<p>Heures: 8h45\/12h00 et 13h30\/16h30 (\u00e0 partir de 8h35 : accueil dans les classes pour les maternelles) Etude surveill\u00e9e de 16h45 \u00e0 18H30 (sauf vendredi : 18h00) Etude du CP au CM2 : 16h45 \u00e0 18h30 Restaurant et accueil p\u00e9ri-scolaire municipaux Transport scolaire : Nantes M\u00e9tropole<\/p>\n","protected":false},"author":2,"featured_media":0,"parent":0,"menu_order":0,"comment_status":"closed","ping_status":"closed","template":"","meta":{"_monsterinsights_skip_tracking":false,"_monsterinsights_sitenote_active":false,"_monsterinsights_sitenote_note":"","_monsterinsights_sitenote_category":0,"ngg_post_thumbnail":0,"footnotes":""},"class_list":["post-61","page","type-page","status-publish","hentry"],"_links":{"self":[{"href":"https:\/\/st-aignan-st-pierre.fr\/index.php?rest_route=\/wp\/v2\/pages\/61"}],"collection":[{"href":"https:\/\/st-aignan-st-pierre.fr\/index.php?rest_route=\/wp\/v2\/pages"}],"about":[{"href":"https:\/\/st-aignan-st-pierre.fr\/index.php?rest_route=\/wp\/v2\/types\/page"}],"author":[{"embeddable":true,"href":"https:\/\/st-aignan-st-pierre.fr\/index.php?rest_route=\/wp\/v2\/users\/2"}],"replies":[{"embeddable":true,"href":"https:\/\/st-aignan-st-pierre.fr\/index.php?rest_route=%2Fwp%2Fv2%2Fcomments&post=61"}],"version-history":[{"count":3,"href":"https:\/\/st-aignan-st-pierre.fr\/index.php?rest_route=\/wp\/v2\/pages\/61\/revisions"}],"predecessor-version":[{"id":7819,"href":"https:\/\/st-aignan-st-pierre.fr\/index.php?rest_route=\/wp\/v2\/pages\/61\/revisions\/7819"}],"wp:attachment":[{"href":"https:\/\/st-aignan-st-pierre.fr\/index.php?rest_route=%2Fwp%2Fv2%2Fmedia&parent=61"}],"curies":[{"name":"wp","href":"https:\/\/api.w.org\/{rel}","templated":true}]}}