{"id":850,"date":"2017-07-03T09:07:39","date_gmt":"2017-07-03T08:07:39","guid":{"rendered":"https:\/\/st-aignan-st-pierre.fr\/?page_id=850"},"modified":"2023-12-15T16:55:29","modified_gmt":"2023-12-15T15:55:29","slug":"informations-pratiques","status":"publish","type":"page","link":"https:\/\/st-aignan-st-pierre.fr\/?page_id=850","title":{"rendered":"Rentr\u00e9e 2024-2025"},"content":{"rendered":"<p><strong><span style=\"color: #0000ff;\">Pour les nouvelles familles de l&#8217;\u00e9cole<\/span><\/strong>, l&#8217;inscription au restaurant scolaire et au p\u00e9riscolaire doit se faire aupr\u00e8s de la mairie de St Aignan de Grand Lieu, pour les autres familles, vous devez <strong>vous connecter sur le portail &#8220;famille&#8221; sur le site internet de la mairie<\/strong>. Si vous rencontrez des probl\u00e8mes de connexion ou autres, adressez vous directement \u00e0 l&#8217;accueil de la mairie au 02.40.26.44.74 ou 02.40.26.44.50<\/p>\n<iframe src=\"\/\/docs.google.com\/viewer?url=https%3A%2F%2Fst-aignan-st-pierre.fr%2Fwp-content%2Fuploads%2F2023%2F07%2FLettre-famille-de-rentree-1.pdf&hl=fr&embedded=true\" class=\"gde-frame\" style=\"width:100%; height:500px; border: none;\" scrolling=\"no\"><\/iframe>\n<p class=\"gde-text\"><a href=\"https:\/\/st-aignan-st-pierre.fr\/wp-content\/uploads\/2023\/07\/Lettre-famille-de-rentree-1.pdf\" class=\"gde-link\">T\u00e9l\u00e9charger (PDF, 301KB)<\/a><\/p>\n<p>&nbsp;<\/p>\n","protected":false},"excerpt":{"rendered":"<p>Pour les nouvelles familles de l&#8217;\u00e9cole, l&#8217;inscription au restaurant scolaire et au p\u00e9riscolaire doit se faire aupr\u00e8s de la mairie de St Aignan de Grand Lieu, pour les autres familles, vous devez vous connecter sur le portail &#8220;famille&#8221; sur le site internet de la mairie. Si vous rencontrez des probl\u00e8mes de connexion ou autres, adressez&hellip; <br \/> <a class=\"read-more\" href=\"https:\/\/st-aignan-st-pierre.fr\/?page_id=850\">Lire la suite<\/a><\/p>\n","protected":false},"author":2,"featured_media":0,"parent":0,"menu_order":0,"comment_status":"closed","ping_status":"closed","template":"","meta":{"_monsterinsights_skip_tracking":false,"_monsterinsights_sitenote_active":false,"_monsterinsights_sitenote_note":"","_monsterinsights_sitenote_category":0,"ngg_post_thumbnail":0,"footnotes":""},"class_list":["post-850","page","type-page","status-publish","hentry"],"_links":{"self":[{"href":"https:\/\/st-aignan-st-pierre.fr\/index.php?rest_route=\/wp\/v2\/pages\/850"}],"collection":[{"href":"https:\/\/st-aignan-st-pierre.fr\/index.php?rest_route=\/wp\/v2\/pages"}],"about":[{"href":"https:\/\/st-aignan-st-pierre.fr\/index.php?rest_route=\/wp\/v2\/types\/page"}],"author":[{"embeddable":true,"href":"https:\/\/st-aignan-st-pierre.fr\/index.php?rest_route=\/wp\/v2\/users\/2"}],"replies":[{"embeddable":true,"href":"https:\/\/st-aignan-st-pierre.fr\/index.php?rest_route=%2Fwp%2Fv2%2Fcomments&post=850"}],"version-history":[{"count":8,"href":"https:\/\/st-aignan-st-pierre.fr\/index.php?rest_route=\/wp\/v2\/pages\/850\/revisions"}],"predecessor-version":[{"id":7752,"href":"https:\/\/st-aignan-st-pierre.fr\/index.php?rest_route=\/wp\/v2\/pages\/850\/revisions\/7752"}],"wp:attachment":[{"href":"https:\/\/st-aignan-st-pierre.fr\/index.php?rest_route=%2Fwp%2Fv2%2Fmedia&parent=850"}],"curies":[{"name":"wp","href":"https:\/\/api.w.org\/{rel}","templated":true}]}}